{"id":3,"date":"2024-10-12T09:13:15","date_gmt":"2024-10-12T09:13:15","guid":{"rendered":"https:\/\/germax-webdesign.de\/projects\/deseka\/?page_id=3"},"modified":"2025-05-26T16:04:36","modified_gmt":"2025-05-26T16:04:36","slug":"ip-pr","status":"publish","type":"page","link":"https:\/\/www.deseka.de\/si\/ip-pr\/","title":{"rendered":"Odtis in za\u0161\u010dita podatkov"},"content":{"rendered":"<h2 class=\"wp-block-heading\"><strong>Impressum<\/strong><\/h2>\n\n\n\n<p>Upravljavec spletnega mesta:<br>Dr. Gernot Halbleib<br>Nem\u0161ki storitveni center za povra\u010dila zaradi kartelnih dogovorov<br>Chausseestra\u00dfe 104<br>10115 Berlin<br>Deutschland<\/p>\n\n\n\n<p>Kako stopiti v stik z nami:<br>service@deseka.de<br>+49 30 &#8211; 921 000 46<br>VAT ID: DE281156337<\/p>\n\n\n\n<h1 class=\"wp-block-heading\"><strong>Pravilnik o zasebnosti:<\/strong><\/h1>\n\n\n\n<h2 class=\"wp-block-heading\">1. Varstvo podatkov na kratko<\/h2>\n\n\n\n<h3 class=\"wp-block-heading\">Splo\u0161ne informacije<\/h3>\n\n\n\n<p>\n        Naslednje informacije zagotavljajo preprost pregled nad tem, kaj se zgodi z va\u0161imi osebnimi podatki, ko obi\u0161\u010dete to spletno mesto. \nOsebni podatki so vsi podatki, na podlagi katerih vas je mogo\u010de osebno identificirati. \nPodrobne informacije o varstvu podatkov so na voljo v na\u0161i izjavi o varstvu podatkov, navedeni pod tem besedilom.\n    <\/p>\n\n\n\n<h3 class=\"wp-block-heading\">Zbiranje podatkov na tem spletnem mestu<\/h3>\n\n\n\n<h4 class=\"wp-block-heading\">Kdo je odgovoren za zbiranje podatkov na tem spletnem mestu?<\/h4>\n\n\n\n<p>\n        Obdelavo podatkov na tem spletnem mestu izvaja upravljavec spletnega mesta. Kontaktne podatke upravljavca najdete v razdelku \u201eInformacije o upravljavcu\u201c te politike zasebnosti.\n    <\/p>\n\n\n\n<h4 class=\"wp-block-heading\">Kako zbiramo va\u0161e podatke?<\/h4>\n\n\n\n<p>\n        Po eni strani so va\u0161i podatki zbrani, ko nam jih posredujete. To so lahko na primer podatki, ki jih vnesete v kontaktni obrazec.\n    <\/p>\n\n\n\n<p>\n        Druge podatke zbirajo na\u0161i informacijski sistemi samodejno ali z va\u0161im soglasjem, ko obi\u0161\u010dete spletno mesto. To so predvsem tehni\u010dni podatki (npr. spletni brskalnik, operacijski sistem ali \u010das ogleda strani). \nTi podatki se samodejno zberejo takoj, ko vstopite na to spletno mesto.\n    <\/p>\n\n\n\n<h4 class=\"wp-block-heading\">Za kaj uporabljamo va\u0161e podatke?<\/h4>\n\n\n\n<p>Nekateri podatki se zbirajo za zagotavljanje brezhibnega delovanja spletnega mesta. Drugi podatki se lahko uporabijo za analizo va\u0161ega vedenja.<\/p>\n\n\n\n<h4 class=\"wp-block-heading\">Katere pravice imate v zvezi s svojimi podatki?<\/h4>\n\n\n\n<p>\n        Pravico imate, da kadar koli brezpla\u010dno prejmete informacije o izvoru, prejemniku in namenu shranjenih osebnih podatkov. \nPrav tako imate pravico zahtevati popravek ali izbris teh podatkov. \u010ce ste dali soglasje za obdelavo podatkov, lahko to soglasje kadar koli v prihodnosti prekli\u010dete. \nPrav tako imate v dolo\u010denih okoli\u0161\u010dinah pravico zahtevati omejitev obdelave va\u0161ih osebnih podatkov. Poleg tega imate pravico vlo\u017eiti prito\u017ebo pri pristojnem nadzornem organu.\n    <\/p>\n\n\n\n<h3 class=\"wp-block-heading\">Orodja za analizo in orodja tretjih ponudnikov<\/h3>\n\n\n\n<p>\n        Ko obi\u0161\u010dete to spletno mesto, lahko statisti\u010dno ocenimo va\u0161e spletno vedenje. To se ve\u010dinoma izvaja s tako imenovanimi programi za analizo.\n    <\/p>\n\n\n\n<p>Podrobne informacije o teh analiti\u010dnih programih so na voljo v naslednjem pravilniku o zasebnosti.<\/p>\n\n\n\n<h2 class=\"wp-block-heading\">2. Spletno gostovanje<\/h2>\n\n\n\n<p>Vsebino na\u0161ega spletnega mesta gostimo pri naslednjem ponudniku:<\/p>\n\n\n\n<h3 class=\"wp-block-heading\">IONOS<\/h3>\n\n\n\n<p>\n        Ponudnik je IONOS SE, Elgendorfer Str. 57, 56410 Montabaur (v nadaljnjem besedilu: IONOS). Ko obi\u0161\u010dete na\u0161o spletno stran, IONOS zbira razli\u010dne dnevni\u0161ke datoteke, vklju\u010dno z va\u0161imi naslovi IP. \nPodrobnosti so na voljo v pravilniku o zasebnosti dru\u017ebe IONOS: <a href=\"https:\/\/www.ionos.de\/terms-gtc\/terms-privacy\" target=\"_blank\" rel=\"noopener noreferrer\">https:\/\/www.ionos.de\/terms-gtc\/terms-privacy<\/a>.\n    <\/p>\n\n\n\n<h4 class=\"wp-block-heading\">Obdelava naro\u010dil<\/h4>\n\n\n\n<p>\n        Za uporabo zgoraj navedene storitve smo sklenili pogodbo o obdelavi naro\u010dila (AVV). To je pogodba, ki jo predpisuje zakon o varstvu podatkov, \nki zagotavlja, da bo osebne podatke obiskovalcev na\u0161ega spletnega mesta obdelovala le v skladu z na\u0161imi navodili in v skladu z uredbo GDPR.\n    <\/p>\n\n\n\n<h3 class=\"wp-block-heading\">Cloudflare<\/h3>\n\n\n\n<p>Za pove\u010danje varnosti in hitrosti dostave na\u0161ega spletnega mesta uporabljamo omre\u017eje za dostavo vsebine (CDN) dru\u017ebe Cloudflare Germany GmbH, Rosental 7, c\/o Mindspace, 80331 M\u00fcnchen Nem\u010dija (Cloudflare). To ustreza na\u0161emu zakonitemu interesu (\u010dlen 6(1)(f) GDPR). CDN je omre\u017eje globalno porazdeljenih stre\u017enikov, ki lahko uporabniku spletnega mesta dostavi optimizirano vsebino. V ta namen se lahko osebni podatki obdelujejo v dnevni\u0161kih datotekah stre\u017enika Cloudflare. Primerjajte pojasnila v razdelku \u201eGostovanje\u201c.<\/p>\n\n\n\n<p>Cloudflare je prejemnik va\u0161ih osebnih podatkov in za nas deluje kot obdelovalec. To ustreza na\u0161emu zakonitemu interesu v smislu \u010dlena 6(1), stavek 1(1)(f) GDPR, da sami ne upravljamo omre\u017eja za dostavo vsebine.<\/p>\n\n\n\n<p>Imate pravico, da ugovarjate obdelavi. Ali je ugovor uspe\u0161en, je treba ugotoviti na podlagi tehtanja interesov.<\/p>\n\n\n\n<p>Obdelava podatkov iz tega poglavja ni niti zakonsko niti pogodbeno zahtevana. Funkcionalnost spletnega mesta brez obdelave ni zagotovljena.<\/p>\n\n\n\n<p>Dru\u017eba Cloudflare bo va\u0161e osebne podatke hranila tako dolgo, kot je potrebno za opisane namene.<\/p>\n\n\n\n<p>Dru\u017eba Cloudflare je uvedla ukrepe za skladnost pri mednarodnih prenosih podatkov. Ti veljajo za vse globalne dejavnosti, pri katerih Cloudflare obdeluje osebne podatke fizi\u010dnih oseb v EU. Ti ukrepi temeljijo na standardnih pogodbenih klavzulah EU (SCC). Dodatne informacije so na voljo na naslovu: <a href=\"https:\/\/www.cloudflare.com\/cloudflare_customer_SCCs-German.pdf\" target=\"_blank\" rel=\"noopener noreferrer\"> https:\/\/www.cloudflare.com\/cloudflare_customer_SCCs-German.pdf<\/a><\/p>\n\n\n\n<h2 class=\"wp-block-heading\">3. Splo\u0161ne opombe in obvezne informacije<\/h2>\n\n\n\n<h3 class=\"wp-block-heading\">Varstvo podatkov<\/h3>\n\n\n\n<p>\n        Upravljavci teh strani zelo resno jemljejo varstvo va\u0161ih osebnih podatkov. Va\u0161e osebne podatke obravnavamo zaupno in v skladu z zakonskimi predpisi o varstvu podatkov ter tem pravilnikom o zasebnosti.\n    <\/p>\n\n\n\n<h3 class=\"wp-block-heading\">Opomba o pristojnem organu<\/h3>\n\n\n\n<p>\n        Upravljavec, odgovoren za obdelavo podatkov na tem spletnem mestu, je\n    <\/p>\n\n\n\n<p>\n        Dr. Gernot Halbleib<br>\n        Nem\u0161ki storitveni center za povra\u010dila zaradi kartelnih dogovorov<br>\n        Chausseestra\u00dfe 104<br>\n        10115 Berlin<br>\n        Telefonska \u0161tevilka: +49 30 \u2013 5490 8787<br>\n        E-naslov: service@deseka.de\n    <\/p>\n\n\n\n<h3 class=\"wp-block-heading\">Trajanje shranjevanja<\/h3>\n\n\n\n<p>\n        \u010ce v tem pravilniku o zasebnosti ni dolo\u010deno natan\u010dnej\u0161e obdobje hrambe, bodo va\u0161i osebni podatki ostali pri nas, dokler ne preneha veljati namen obdelave podatkov. \n\u010ce vlo\u017eite upravi\u010deno zahtevo za izbris ali prekli\u010dete soglasje za obdelavo podatkov, bodo va\u0161i podatki izbrisani, \nrazen \u010de imamo druge pravno dopustne razloge za shranjevanje va\u0161ih osebnih podatkov (npr. obdobja hrambe v skladu z dav\u010dno ali trgovinsko zakonodajo); v slednjem primeru bodo va\u0161i podatki izbrisani, ko ti razlogi ne bodo ve\u010d veljali.\n    <\/p>\n\n\n\n<h2 class=\"wp-block-heading\">4. Zbiranje podatkov na tem spletnem mestu<\/h2>\n\n\n\n<h3 class=\"wp-block-heading\">Pi\u0161kotki<\/h3>\n\n\n\n<p>\n        Na\u0161e spletne strani uporabljajo tako imenovane \u201epi\u0161kotke\u201c. Pi\u0161kotki so majhni podatkovni paketi in ne povzro\u010dajo nobene \u0161kode va\u0161i kon\u010dni napravi. \nV va\u0161i napravi so shranjeni za\u010dasno za \u010das trajanja seje (sejni pi\u0161kotki) ali trajno (trajni pi\u0161kotki). \nSejni pi\u0161kotki se samodejno izbri\u0161ejo ob koncu va\u0161ega obiska. Trajni pi\u0161kotki ostanejo shranjeni v va\u0161i kon\u010dni napravi, dokler jih ne izbri\u0161ete sami ali dokler jih samodejno ne izbri\u0161e va\u0161 spletni brskalnik.\n    <\/p>\n\n\n\n<h3 class=\"wp-block-heading\">Dnevni\u0161ke datoteke stre\u017enika<\/h3>\n\n\n\n<p>Ponudnik strani samodejno zbira in shranjuje informacije v tako imenovanih stre\u017eni\u0161kih dnevni\u0161kih datotekah, ki nam jih va\u0161 brskalnik samodejno posreduje. To so<\/p>\n\n\n\n<ul class=\"wp-block-list\">\n<li>Vrsta brskalnika in razli\u010dica brskalnika<\/li>\n\n\n\n<li>Uporabljeni operacijski sistem<\/li>\n\n\n\n<li>Referrer URL<\/li>\n\n\n\n<li>Ime gostitelja ra\u010dunalnika, do katerega dostopate<\/li>\n\n\n\n<li>\u010cas stre\u017eni\u0161ke zahteve<\/li>\n\n\n\n<li>Naslov IP<\/li>\n<\/ul>\n\n\n\n<h3 class=\"wp-block-heading\">Kontaktni obrazec<\/h3>\n\n\n\n<p>\n        \u010ce nam po\u0161ljete poizvedbe prek kontaktnega obrazca, bodo va\u0161i podatki iz obrazca za poizvedbe, vklju\u010dno s kontaktnimi podatki, ki jih tam navedete. \nhranili za namen obdelave poizvedbe in v primeru nadaljnjih vpra\u0161anj. Teh podatkov ne bomo posredovali naprej brez va\u0161ega soglasja.\n    <\/p>\n\n\n\n<h2 class=\"wp-block-heading\">5. Orodja za analizo in ogla\u0161evanje<\/h2>\n\n\n\n<h3 class=\"wp-block-heading\">IONOS WebAnalytics<\/h3>\n\n\n\n<p>\n        To spletno mesto uporablja analiti\u010dne storitve dru\u017ebe IONOS WebAnalytics (v nadaljevanju: IONOS). Ponudnik je 1&amp;1 IONOS SE, Elgendorfer Stra\u00dfe 57, D - 56410 Montabaur.\nV okviru analiz z IONOS-om se ugotavljata \u0161tevilo in vedenje obiskovalcev (npr. \u0161tevilo ogledov strani, trajanje obiska spletnega mesta, stopnja odklonov), \nviri obiskovalcev (tj. s katere strani obiskovalec prihaja), lokacije obiskovalcev in tehni\u010dni podatki (razli\u010dice brskalnika in operacijskega sistema). \n    <\/p>\n\n\n\n<h4 class=\"wp-block-heading\">Obdelava naro\u010dil<\/h4>\n\n\n\n<p>Za uporabo zgoraj navedene storitve smo sklenili pogodbo o obdelavi podatkov (DPA).<\/p>\n\n\n\n<h3 class=\"wp-block-heading\">Google Analytics 4<\/h3>\n\n\n\n<p>\u010ce ste dali soglasje, se na tem spletnem mestu uporablja Google Analytics 4, storitev spletne analitike, ki jo zagotavlja dru\u017eba Google LLC. Za uporabnike v EU\/EGP in \u0160vici je upravljavec Google Ireland Limited, Google Building Gordon House, 4 Barrow St, Dublin, D04 E5W5, Irska (\u201eGoogle\u201c).<\/p>\n\n\n\n<h2 class=\"wp-block-heading\">Narava in namen obdelave<\/h2>\n\n\n\n<p>Google Analytics uporablja pi\u0161kotke, ki nam omogo\u010dajo analizo va\u0161e uporabe na\u0161ega spletnega mesta. Informacije o va\u0161i uporabi tega spletnega mesta, ki jih zberejo pi\u0161kotki, se obi\u010dajno prenesejo na Googlov stre\u017enik v ZDA in tam shranijo.<\/p>\n\n\n\n<p>Uporabljamo funkcijo ID uporabnika. ID uporabnika nam omogo\u010da, da eni ali ve\u010d sejam (in dejavnostim znotraj teh sej) dodelimo edinstven, trajen ID in analiziramo vedenje uporabnikov v razli\u010dnih napravah.<\/p>\n\n\n\n<p>Uporabljamo Google signale. S tem lahko Google Analytics zbira dodatne informacije o uporabnikih, ki so aktivirali prilagojene oglase (interesi in demografski podatki), in tem uporabnikom se lahko oglasi posredujejo v kampanjah ponovnega tr\u017eenja med napravami.<\/p>\n\n\n\n<p>V Google Analytics 4 je anonimizacija naslovov IP privzeto aktivirana. Zaradi anonimizacije IP naslovov bo Google skraj\u0161al va\u0161 IP naslov v dr\u017eavah \u010dlanicah Evropske unije ali drugih dr\u017eavah podpisnicah Sporazuma o Evropskem gospodarskem prostoru. Le v izjemnih primerih bo celoten naslov IP posredovan Googlovemu stre\u017eniku v ZDA in tam skraj\u0161an. Po Googlovih besedah naslov IP, ki ga va\u0161 brskalnik posreduje kot del storitve Google Analytics, ne bo zdru\u017een z drugimi Googlovimi podatki.<\/p>\n\n\n\n<p>Med va\u0161im obiskom spletnega mesta se va\u0161e uporabni\u0161ko vedenje bele\u017ei v obliki \u201edogodkov\u201c. Dogodki so lahko<\/p>\n\n\n\n<ul class=\"wp-block-list\">\n<li>Ogledi strani<\/li>\n\n\n\n<li>Prvi obisk spletnega mesta<\/li>\n\n\n\n<li>Za\u010detek seje<\/li>\n\n\n\n<li>Obiskana spletna mesta<\/li>\n\n\n\n<li>Va\u0161a \u201epot klikov\u201c, interakcija s spletnim mestom<\/li>\n\n\n\n<li>Pomikanje (kadar uporabnik pomakne stran do konca (90 %)).<\/li>\n\n\n\n<li>Kliki na zunanje povezave<\/li>\n\n\n\n<li>Interne iskalne poizvedbe.<\/li>\n\n\n\n<li>Interakcija z videoposnetki<\/li>\n\n\n\n<li>Prenosi datotek<\/li>\n\n\n\n<li>Ogledani \/ kliknjeni oglasi<\/li>\n\n\n\n<li>Nastavitev jezika<\/li>\n<\/ul>\n\n\n\n<p>Zapisano je tudi:<\/p>\n\n\n\n<ul class=\"wp-block-list\">\n<li>Va\u0161a pribli\u017ena lokacija (regija)<\/li>\n\n\n\n<li>Datum in \u010das obiska<\/li>\n\n\n\n<li>Ihre IP-Adresse (in gek\u00fcrzter Form)<\/li>\n\n\n\n<li>Tehni\u010dne informacije o va\u0161em brskalniku in kon\u010dnih napravah, ki jih uporabljate (npr. jezikovne nastavitve, lo\u010dljivost zaslona).<\/li>\n\n\n\n<li>Va\u0161 ponudnik internetnih storitev<\/li>\n\n\n\n<li>URL napotitelja (prek katere spletne strani\/ogla\u0161evalskega medija ste pri\u0161li na to spletno mesto).<\/li>\n<\/ul>\n\n\n\n<h2 class=\"wp-block-heading\">Nameni obdelave<\/h2>\n\n\n\n<p>Google bo v imenu upravljavca tega spletnega mesta te podatke uporabil za analizo va\u0161e uporabe spletnega mesta in pripravo poro\u010dil o dejavnostih na spletnem mestu. Poro\u010dila, ki jih zagotavlja Google Analytics, se uporabljajo za analizo delovanja na\u0161ega spletnega mesta in uspe\u0161nosti na\u0161ih tr\u017eenjskih kampanj.<\/p>\n\n\n\n<h2 class=\"wp-block-heading\">Sprejemnik<\/h2>\n\n\n\n<p>Prejemniki podatkov so\/so lahko:<\/p>\n\n\n\n<ul class=\"wp-block-list\">\n<li>Google Ireland Limited, Gordon House, Barrow Street, Dublin 4, Irska (kot obdelovalec v skladu s \u010dlenom 28 GDPR)<\/li>\n\n\n\n<li>Google LLC, 1600 Amphitheatre Parkway Mountain View, CA 94043, ZDA<\/li>\n\n\n\n<li>Alphabet Inc., 1600 Amphitheatre Parkway Mountain View, CA 94043, ZDA<\/li>\n<\/ul>\n\n\n\n<h2 class=\"wp-block-heading\">Prenos v tretjo dr\u017eavo<\/h2>\n\n\n\n<p>Evropska komisija je 10. julija 2023 sprejela sklep o ustreznosti za ZDA. Dru\u017eba Google LLC je certificirana v skladu z okvirom zasebnosti med EU in ZDA. Ker so Googlovi stre\u017eniki razporejeni po vsem svetu in prenosa v tretje dr\u017eave (npr. Singapur) ni mogo\u010de popolnoma izklju\u010diti, smo s ponudnikom sklenili tudi standardne pogodbene klavzule EU.<\/p>\n\n\n\n<h2 class=\"wp-block-heading\">Trajanje shranjevanja<\/h2>\n\n\n\n<p>Podatki, ki jih po\u0161ljemo in so povezani s pi\u0161kotki, se samodejno izbri\u0161ejo po dveh mesecih. Najdalj\u0161a \u017eivljenjska doba pi\u0161kotkov Google Analytics je 2 leti. Podatki, katerih obdobje hrambe je poteklo, se samodejno izbri\u0161ejo enkrat mese\u010dno.<\/p>\n\n\n\n<h2 class=\"wp-block-heading\">Pravna podlaga<\/h2>\n\n\n\n<p>Pravna podlaga za to obdelavo podatkov je va\u0161a privolitev v skladu s \u010dlenom 6(1)(1)(a) GDPR in \u010dlenom 25(1)(1) TTDSG.<\/p>\n\n\n\n<h2 class=\"wp-block-heading\">Preklic<\/h2>\n\n\n\n<p>Shranjevanje pi\u0161kotkov lahko prepre\u010dite \u017ee na za\u010detku, tako da ustrezno konfigurirate programsko opremo brskalnika. \u010ce brskalnik nastavite tako, da zavra\u010da vse pi\u0161kotke, lahko to omeji delovanje te in drugih spletnih strani. S klikom na naslednjo povezavo lahko Googlu tudi prepre\u010dite, da bi zbiral podatke, ki jih ustvari pi\u0161kotek in se nana\u0161ajo na va\u0161o uporabo spletnega mesta (vklju\u010dno z va\u0161im naslovom IP), in da bi Google te podatke obdeloval:<\/p>\n\n\n\n<ol class=\"wp-block-list\">\n<li>Ne daste soglasja za namestitev pi\u0161kotka ali<\/li>\n\n\n\n<li class=\"translation-block\">das Browser-Add-on zur Deaktivierung von Google Analytics <a href=\"https:\/\/tools.google.com\/dlpage\/gaoptout?hl=de\" target=\"_blank\" rel=\"noreferrer noopener nofollow\">HIER<\/a> herunterladen und installieren.<\/li>\n<\/ol>\n\n\n\n<p>Ve\u010d informacij o pogojih uporabe storitve Google Analytics in varstvu podatkov najdete pri Googlu na <a href=\"https:\/\/marketingplatform.google.com\/about\/analytics\/terms\/de\/\" target=\"_blank\" rel=\"noopener noreferrer\">https:\/\/marketingplatform.google.com\/about\/analytics\/terms\/de\/<\/a> in na <a href=\"https:\/\/policies.google.com\/?hl=de\" target=\"_blank\" rel=\"noopener noreferrer\">https:\/\/policies.google.com\/?hl=de<\/a>.<\/p>\n\n\n\n<p>Vir: <a href=\"https:\/\/www.e-recht24.de\" target=\"_blank\" rel=\"noopener noreferrer\">https:\/\/www.e-recht24.de<\/a><\/p>","protected":false},"excerpt":{"rendered":"<p>Impressum Diensteanbieter \/ Seitenbetreiber:Dr. Gernot HalbleibDeutsches Servicezentrum f\u00fcr Kartell-ErstattungChausseestra\u00dfe 10410115 BerlinDeutschland Kontaktm\u00f6glichkeiten:service@deseka.de+49 30 &#8211; 921 000 46USt-ID: DE281156337 Datenschutzerkl\u00e4rung 1. Datenschutz auf einen Blick Allgemeine Hinweise Die folgenden Hinweise geben einen einfachen \u00dcberblick dar\u00fcber, was mit Ihren personenbezogenen Daten passiert, wenn Sie diese Website besuchen. Personenbezogene Daten sind alle Daten, mit denen Sie pers\u00f6nlich identifiziert &hellip; <\/p>","protected":false},"author":1,"featured_media":0,"parent":0,"menu_order":0,"comment_status":"closed","ping_status":"closed","template":"","meta":{"footnotes":""},"class_list":["post-3","page","type-page","status-publish","hentry","article_post"],"yoast_head":"<!-- This site is optimized with the Yoast SEO plugin v25.8 - https:\/\/yoast.com\/wordpress\/plugins\/seo\/ -->\n<title>Impressum und Datenschutz - DeSeKa<\/title>\n<meta name=\"robots\" content=\"noindex, nofollow\" \/>\n<meta property=\"og:locale\" content=\"sl_SI\" \/>\n<meta property=\"og:type\" content=\"article\" \/>\n<meta property=\"og:title\" content=\"Impressum und Datenschutz - DeSeKa\" \/>\n<meta property=\"og:description\" content=\"Impressum Diensteanbieter \/ Seitenbetreiber:Dr. Gernot HalbleibDeutsches Servicezentrum f\u00fcr Kartell-ErstattungChausseestra\u00dfe 10410115 BerlinDeutschland Kontaktm\u00f6glichkeiten:service@deseka.de+49 30 &#8211; 921 000 46USt-ID: DE281156337 Datenschutzerkl\u00e4rung 1. Datenschutz auf einen Blick Allgemeine Hinweise Die folgenden Hinweise geben einen einfachen \u00dcberblick dar\u00fcber, was mit Ihren personenbezogenen Daten passiert, wenn Sie diese Website besuchen. Personenbezogene Daten sind alle Daten, mit denen Sie pers\u00f6nlich identifiziert &hellip;\" \/>\n<meta property=\"og:url\" content=\"https:\/\/www.deseka.de\/si\/ip-pr\/\" \/>\n<meta property=\"og:site_name\" content=\"DeSeKa\" \/>\n<meta property=\"article:modified_time\" content=\"2025-05-26T16:04:36+00:00\" \/>\n<meta name=\"twitter:card\" content=\"summary_large_image\" \/>\n<meta name=\"twitter:label1\" content=\"Est. reading time\" \/>\n\t<meta name=\"twitter:data1\" content=\"8 minut\" \/>\n<script type=\"application\/ld+json\" class=\"yoast-schema-graph\">{\"@context\":\"https:\/\/schema.org\",\"@graph\":[{\"@type\":\"WebPage\",\"@id\":\"https:\/\/www.deseka.de\/ip-pr\/\",\"url\":\"https:\/\/www.deseka.de\/ip-pr\/\",\"name\":\"Impressum und Datenschutz - DeSeKa\",\"isPartOf\":{\"@id\":\"https:\/\/www.deseka.de\/#website\"},\"datePublished\":\"2024-10-12T09:13:15+00:00\",\"dateModified\":\"2025-05-26T16:04:36+00:00\",\"breadcrumb\":{\"@id\":\"https:\/\/www.deseka.de\/ip-pr\/#breadcrumb\"},\"inLanguage\":\"sl-SI\",\"potentialAction\":[{\"@type\":\"ReadAction\",\"target\":[\"https:\/\/www.deseka.de\/ip-pr\/\"]}]},{\"@type\":\"BreadcrumbList\",\"@id\":\"https:\/\/www.deseka.de\/ip-pr\/#breadcrumb\",\"itemListElement\":[{\"@type\":\"ListItem\",\"position\":1,\"name\":\"Home\",\"item\":\"https:\/\/www.deseka.de\/\"},{\"@type\":\"ListItem\",\"position\":2,\"name\":\"Impressum und Datenschutz\"}]},{\"@type\":\"WebSite\",\"@id\":\"https:\/\/www.deseka.de\/#website\",\"url\":\"https:\/\/www.deseka.de\/\",\"name\":\"DeSeKa\",\"description\":\"Deutsches Servicezentrum f\u00fcr Kartell-Erstattung\",\"publisher\":{\"@id\":\"https:\/\/www.deseka.de\/#organization\"},\"potentialAction\":[{\"@type\":\"SearchAction\",\"target\":{\"@type\":\"EntryPoint\",\"urlTemplate\":\"https:\/\/www.deseka.de\/?s={search_term_string}\"},\"query-input\":{\"@type\":\"PropertyValueSpecification\",\"valueRequired\":true,\"valueName\":\"search_term_string\"}}],\"inLanguage\":\"sl-SI\"},{\"@type\":\"Organization\",\"@id\":\"https:\/\/www.deseka.de\/#organization\",\"name\":\"DeSeKa\",\"url\":\"https:\/\/www.deseka.de\/\",\"logo\":{\"@type\":\"ImageObject\",\"inLanguage\":\"sl-SI\",\"@id\":\"https:\/\/www.deseka.de\/#\/schema\/logo\/image\/\",\"url\":\"https:\/\/www.deseka.de\/wp-content\/uploads\/2025\/07\/deseka_logo_de_clr.webp\",\"contentUrl\":\"https:\/\/www.deseka.de\/wp-content\/uploads\/2025\/07\/deseka_logo_de_clr.webp\",\"width\":423,\"height\":121,\"caption\":\"DeSeKa\"},\"image\":{\"@id\":\"https:\/\/www.deseka.de\/#\/schema\/logo\/image\/\"}}]}<\/script>\n<!-- \/ Yoast SEO plugin. -->","yoast_head_json":{"title":"Impressum und Datenschutz - DeSeKa","robots":{"index":"noindex","follow":"nofollow"},"og_locale":"sl_SI","og_type":"article","og_title":"Impressum und Datenschutz - DeSeKa","og_description":"Impressum Diensteanbieter \/ Seitenbetreiber:Dr. Gernot HalbleibDeutsches Servicezentrum f\u00fcr Kartell-ErstattungChausseestra\u00dfe 10410115 BerlinDeutschland Kontaktm\u00f6glichkeiten:service@deseka.de+49 30 &#8211; 921 000 46USt-ID: DE281156337 Datenschutzerkl\u00e4rung 1. Datenschutz auf einen Blick Allgemeine Hinweise Die folgenden Hinweise geben einen einfachen \u00dcberblick dar\u00fcber, was mit Ihren personenbezogenen Daten passiert, wenn Sie diese Website besuchen. Personenbezogene Daten sind alle Daten, mit denen Sie pers\u00f6nlich identifiziert &hellip;","og_url":"https:\/\/www.deseka.de\/si\/ip-pr\/","og_site_name":"DeSeKa","article_modified_time":"2025-05-26T16:04:36+00:00","twitter_card":"summary_large_image","twitter_misc":{"Est. reading time":"8 minut"},"schema":{"@context":"https:\/\/schema.org","@graph":[{"@type":"WebPage","@id":"https:\/\/www.deseka.de\/ip-pr\/","url":"https:\/\/www.deseka.de\/ip-pr\/","name":"Impressum und Datenschutz - DeSeKa","isPartOf":{"@id":"https:\/\/www.deseka.de\/#website"},"datePublished":"2024-10-12T09:13:15+00:00","dateModified":"2025-05-26T16:04:36+00:00","breadcrumb":{"@id":"https:\/\/www.deseka.de\/ip-pr\/#breadcrumb"},"inLanguage":"sl-SI","potentialAction":[{"@type":"ReadAction","target":["https:\/\/www.deseka.de\/ip-pr\/"]}]},{"@type":"BreadcrumbList","@id":"https:\/\/www.deseka.de\/ip-pr\/#breadcrumb","itemListElement":[{"@type":"ListItem","position":1,"name":"Home","item":"https:\/\/www.deseka.de\/"},{"@type":"ListItem","position":2,"name":"Impressum und Datenschutz"}]},{"@type":"WebSite","@id":"https:\/\/www.deseka.de\/#website","url":"https:\/\/www.deseka.de\/","name":"DeSeKa","description":"Nem\u0161ki storitveni center za povra\u010dila zaradi kartelnih dogovorov","publisher":{"@id":"https:\/\/www.deseka.de\/#organization"},"potentialAction":[{"@type":"SearchAction","target":{"@type":"EntryPoint","urlTemplate":"https:\/\/www.deseka.de\/?s={search_term_string}"},"query-input":{"@type":"PropertyValueSpecification","valueRequired":true,"valueName":"search_term_string"}}],"inLanguage":"sl-SI"},{"@type":"Organization","@id":"https:\/\/www.deseka.de\/#organization","name":"DeSeKa","url":"https:\/\/www.deseka.de\/","logo":{"@type":"ImageObject","inLanguage":"sl-SI","@id":"https:\/\/www.deseka.de\/#\/schema\/logo\/image\/","url":"https:\/\/www.deseka.de\/wp-content\/uploads\/2025\/07\/deseka_logo_de_clr.webp","contentUrl":"https:\/\/www.deseka.de\/wp-content\/uploads\/2025\/07\/deseka_logo_de_clr.webp","width":423,"height":121,"caption":"DeSeKa"},"image":{"@id":"https:\/\/www.deseka.de\/#\/schema\/logo\/image\/"}}]}},"_links":{"self":[{"href":"https:\/\/www.deseka.de\/si\/wp-json\/wp\/v2\/pages\/3","targetHints":{"allow":["GET"]}}],"collection":[{"href":"https:\/\/www.deseka.de\/si\/wp-json\/wp\/v2\/pages"}],"about":[{"href":"https:\/\/www.deseka.de\/si\/wp-json\/wp\/v2\/types\/page"}],"author":[{"embeddable":true,"href":"https:\/\/www.deseka.de\/si\/wp-json\/wp\/v2\/users\/1"}],"replies":[{"embeddable":true,"href":"https:\/\/www.deseka.de\/si\/wp-json\/wp\/v2\/comments?post=3"}],"version-history":[{"count":6,"href":"https:\/\/www.deseka.de\/si\/wp-json\/wp\/v2\/pages\/3\/revisions"}],"predecessor-version":[{"id":4675,"href":"https:\/\/www.deseka.de\/si\/wp-json\/wp\/v2\/pages\/3\/revisions\/4675"}],"wp:attachment":[{"href":"https:\/\/www.deseka.de\/si\/wp-json\/wp\/v2\/media?parent=3"}],"curies":[{"name":"wp","href":"https:\/\/api.w.org\/{rel}","templated":true}]}}